{"id":28,"date":"2025-09-04T14:30:53","date_gmt":"2025-09-04T14:30:53","guid":{"rendered":"https:\/\/jnergrid.com\/?page_id=28"},"modified":"2025-10-28T11:27:05","modified_gmt":"2025-10-28T11:27:05","slug":"menuiseries-exterieures","status":"publish","type":"page","link":"https:\/\/jnergrid.com\/?page_id=28","title":{"rendered":"Menuiseries ext\u00e9rieures"},"content":{"rendered":"\t\t<div data-elementor-type=\"wp-page\" data-elementor-id=\"28\" class=\"elementor elementor-28\" data-elementor-post-type=\"page\">\n\t\t\t\t<div class=\"elementor-element elementor-element-0cbd8d7 e-flex e-con-boxed e-con e-parent\" data-id=\"0cbd8d7\" data-element_type=\"container\" data-e-type=\"container\" data-settings=\"{&quot;background_background&quot;:&quot;classic&quot;}\">\n\t\t\t\t\t<div class=\"e-con-inner\">\n\t\t<div class=\"elementor-element elementor-element-5e03ecf e-con-full e-flex e-con e-child\" data-id=\"5e03ecf\" data-element_type=\"container\" data-e-type=\"container\">\n\t\t\t\t<div class=\"elementor-element elementor-element-7c94449 elementor-widget elementor-widget-heading\" data-id=\"7c94449\" data-element_type=\"widget\" data-e-type=\"widget\" data-widget_type=\"heading.default\">\n\t\t\t\t\t<h2 class=\"elementor-heading-title elementor-size-default\">Trouvez votre projet id\u00e9al ici<\/h2>\t\t\t\t<\/div>\n\t\t\t\t<\/div>\n\t\t<div class=\"elementor-element elementor-element-5f74989 e-con-full e-flex e-con e-child\" data-id=\"5f74989\" data-element_type=\"container\" data-e-type=\"container\">\n\t\t\t\t<\/div>\n\t\t\t\t\t<\/div>\n\t\t\t\t<\/div>\n\t\t<div class=\"elementor-element elementor-element-cf4cdfd e-flex e-con-boxed e-con e-parent\" data-id=\"cf4cdfd\" data-element_type=\"container\" data-e-type=\"container\">\n\t\t\t\t\t<div class=\"e-con-inner\">\n\t\t\t\t<div class=\"elementor-element elementor-element-e78697a elementor-widget elementor-widget-image\" data-id=\"e78697a\" data-element_type=\"widget\" data-e-type=\"widget\" data-widget_type=\"image.default\">\n\t\t\t\t\t\t\t\t\t\t\t\t\t\t\t<img fetchpriority=\"high\" decoding=\"async\" width=\"800\" height=\"534\" src=\"https:\/\/jnergrid.com\/wp-content\/uploads\/2025\/09\/baniere-drutex-1024x683.png\" class=\"attachment-large size-large wp-image-136\" alt=\"\" srcset=\"https:\/\/jnergrid.com\/wp-content\/uploads\/2025\/09\/baniere-drutex-1024x683.png 1024w, https:\/\/jnergrid.com\/wp-content\/uploads\/2025\/09\/baniere-drutex-300x200.png 300w, https:\/\/jnergrid.com\/wp-content\/uploads\/2025\/09\/baniere-drutex-768x512.png 768w, https:\/\/jnergrid.com\/wp-content\/uploads\/2025\/09\/baniere-drutex.png 1536w\" sizes=\"(max-width: 800px) 100vw, 800px\" \/>\t\t\t\t\t\t\t\t\t\t\t\t\t\t\t<\/div>\n\t\t\t\t\t<\/div>\n\t\t\t\t<\/div>\n\t\t<div class=\"elementor-element elementor-element-405c8b0 e-flex e-con-boxed e-con e-parent\" data-id=\"405c8b0\" data-element_type=\"container\" data-e-type=\"container\" data-settings=\"{&quot;background_background&quot;:&quot;classic&quot;}\">\n\t\t\t\t\t<div class=\"e-con-inner\">\n\t\t<div class=\"elementor-element elementor-element-c510d93 e-con-full e-flex e-con e-child\" data-id=\"c510d93\" data-element_type=\"container\" data-e-type=\"container\">\n\t\t\t\t<div class=\"elementor-element elementor-element-8e7ba21 elementor-widget elementor-widget-video\" data-id=\"8e7ba21\" data-element_type=\"widget\" data-e-type=\"widget\" data-settings=\"{&quot;youtube_url&quot;:&quot;https:\\\/\\\/www.youtube.com\\\/watch?v=1VGXGEa1tqA&quot;,&quot;video_type&quot;:&quot;youtube&quot;,&quot;controls&quot;:&quot;yes&quot;}\" data-widget_type=\"video.default\">\n\t\t\t\t\t\t\t<div class=\"elementor-wrapper elementor-open-inline\">\n\t\t\t<div class=\"elementor-video\"><\/div>\t\t<\/div>\n\t\t\t\t\t\t<\/div>\n\t\t\t\t<\/div>\n\t\t<div class=\"elementor-element elementor-element-888ddd1 e-con-full e-flex e-con e-child\" data-id=\"888ddd1\" data-element_type=\"container\" data-e-type=\"container\">\n\t\t\t\t<div class=\"elementor-element elementor-element-523c0a3 elementor-widget elementor-widget-heading\" data-id=\"523c0a3\" data-element_type=\"widget\" data-e-type=\"widget\" data-widget_type=\"heading.default\">\n\t\t\t\t\t<h2 class=\"elementor-heading-title elementor-size-default\">Nos services<\/h2>\t\t\t\t<\/div>\n\t\t\t\t<div class=\"elementor-element elementor-element-e525d67 elementor-widget elementor-widget-text-editor\" data-id=\"e525d67\" data-element_type=\"widget\" data-e-type=\"widget\" data-widget_type=\"text-editor.default\">\n\t\t\t\t\t\t\t\t\t<h1 data-start=\"94\" data-end=\"138\"><strong data-start=\"96\" data-end=\"136\">Donnez vie \u00e0 vos projets avec DRUTEX<\/strong><\/h1><h3 data-start=\"139\" data-end=\"200\"><strong data-start=\"143\" data-end=\"200\">Fen\u00eatres, Portes, Baies vitr\u00e9es et Ch\u00e2ssis sur mesure<\/strong><\/h3><p data-start=\"202\" data-end=\"405\">Vous r\u00eavez d\u2019un int\u00e9rieur <strong data-start=\"228\" data-end=\"240\">lumineux<\/strong>, <strong data-start=\"242\" data-end=\"253\">moderne<\/strong> et <strong data-start=\"257\" data-end=\"279\">parfaitement isol\u00e9<\/strong> ?<br data-start=\"281\" data-end=\"284\" \/>Nous sommes <strong data-start=\"296\" data-end=\"341\">revendeur et installateur officiel DRUTEX<\/strong>, le <strong data-start=\"346\" data-end=\"365\">leader europ\u00e9en<\/strong> de la menuiserie ext\u00e9rieure sur mesure.<\/p><hr data-start=\"407\" data-end=\"410\" \/><h2 data-start=\"412\" data-end=\"432\"><strong data-start=\"415\" data-end=\"432\">Nos solutions<\/strong><\/h2><ul data-start=\"433\" data-end=\"700\"><li data-start=\"433\" data-end=\"507\"><p data-start=\"435\" data-end=\"507\"><strong data-start=\"435\" data-end=\"464\">Fen\u00eatres PVC, alu ou bois<\/strong> \u2192 confort thermique &amp; acoustique optimal<\/p><\/li><li data-start=\"508\" data-end=\"591\"><p data-start=\"510\" data-end=\"591\"><strong data-start=\"510\" data-end=\"556\">Baies vitr\u00e9es panoramiques et coulissantes<\/strong> \u2192 plus de lumi\u00e8re, plus d\u2019espace<\/p><\/li><li data-start=\"592\" data-end=\"636\"><p data-start=\"594\" data-end=\"636\"><strong data-start=\"594\" data-end=\"634\">Portes d\u2019entr\u00e9e s\u00e9curis\u00e9es et design<\/strong><\/p><\/li><li data-start=\"637\" data-end=\"700\"><p data-start=\"639\" data-end=\"700\"><strong data-start=\"639\" data-end=\"661\">Ch\u00e2ssis sur mesure<\/strong> \u2192 adapt\u00e9s \u00e0 votre style et vos besoins<\/p><\/li><\/ul><hr data-start=\"702\" data-end=\"705\" \/><h2 data-start=\"707\" data-end=\"737\"><strong data-start=\"710\" data-end=\"737\">Pourquoi nous choisir ?<\/strong><\/h2><p data-start=\"738\" data-end=\"1018\">\u2728 <strong data-start=\"740\" data-end=\"770\">Partenaire officiel DRUTEX<\/strong> : gage de qualit\u00e9<br data-start=\"788\" data-end=\"791\" \/>\ud83d\udd27 <strong data-start=\"794\" data-end=\"826\">Installation professionnelle<\/strong> : pose impeccable<br data-start=\"844\" data-end=\"847\" \/>\ud83c\udfa8 <strong data-start=\"850\" data-end=\"864\">Sur-mesure<\/strong> : personnalisez vos menuiseries<br data-start=\"896\" data-end=\"899\" \/>\ud83d\udca1 <strong data-start=\"902\" data-end=\"924\">Conseils d\u2019experts<\/strong> : accompagnement \u00e0 chaque \u00e9tape<br data-start=\"956\" data-end=\"959\" \/>\ud83d\udccd <strong data-start=\"962\" data-end=\"985\">Intervention rapide<\/strong> : nous couvrons <strong data-start=\"1002\" data-end=\"1018\">[votre zone]<\/strong><\/p><hr data-start=\"1020\" data-end=\"1023\" \/><h2 data-start=\"1025\" data-end=\"1054\"><strong data-start=\"1028\" data-end=\"1054\">Performance et confort<\/strong><\/h2><p data-start=\"1055\" data-end=\"1100\">Avec les menuiseries <strong data-start=\"1076\" data-end=\"1086\">DRUTEX<\/strong>, profitez :<\/p><ul data-start=\"1101\" data-end=\"1249\"><li data-start=\"1101\" data-end=\"1149\"><p data-start=\"1103\" data-end=\"1149\">D\u2019une <strong data-start=\"1109\" data-end=\"1132\">isolation thermique<\/strong> exceptionnelle<\/p><\/li><li data-start=\"1150\" data-end=\"1194\"><p data-start=\"1152\" data-end=\"1194\">D\u2019un <strong data-start=\"1157\" data-end=\"1179\">confort acoustique<\/strong> incomparable<\/p><\/li><li data-start=\"1195\" data-end=\"1249\"><p data-start=\"1197\" data-end=\"1249\">D\u2019un <strong data-start=\"1202\" data-end=\"1220\">design moderne<\/strong> qui valorise votre habitat<\/p><\/li><\/ul><hr data-start=\"1251\" data-end=\"1254\" \/><h3 data-start=\"1256\" data-end=\"1296\"><strong data-start=\"1260\" data-end=\"1294\">Demandez votre devis gratuit !<\/strong><\/h3><p data-start=\"1297\" data-end=\"1373\">Ne laissez pas votre projet attendre : <strong data-start=\"1336\" data-end=\"1370\">contactez-nous d\u00e8s aujourd\u2019hui<\/strong>.<\/p><p data-start=\"1375\" data-end=\"1420\">\ud83d\udcde <strong data-start=\"1378\" data-end=\"1396\">[+32 487.411.531]<\/strong> | \ud83d\udce7 <strong data-start=\"1402\" data-end=\"1420\">[jnergrid@gmail.com]<\/strong><\/p>\t\t\t\t\t\t\t\t<\/div>\n\t\t\t\t<\/div>\n\t\t\t\t\t<\/div>\n\t\t\t\t<\/div>\n\t\t<div class=\"elementor-element elementor-element-9faf645 e-flex e-con-boxed e-con e-parent\" data-id=\"9faf645\" data-element_type=\"container\" data-e-type=\"container\">\n\t\t\t\t\t<div class=\"e-con-inner\">\n\t\t\t\t<div class=\"elementor-element elementor-element-5a7aa90 elementor-widget elementor-widget-image\" data-id=\"5a7aa90\" data-element_type=\"widget\" data-e-type=\"widget\" data-widget_type=\"image.default\">\n\t\t\t\t\t\t\t\t\t\t\t\t\t\t\t<img decoding=\"async\" width=\"800\" height=\"800\" src=\"https:\/\/jnergrid.com\/wp-content\/uploads\/2025\/09\/ChatGPT-Image-11-sept.-2025-14_58_58.png\" class=\"attachment-large size-large wp-image-135\" alt=\"\" srcset=\"https:\/\/jnergrid.com\/wp-content\/uploads\/2025\/09\/ChatGPT-Image-11-sept.-2025-14_58_58.png 1024w, https:\/\/jnergrid.com\/wp-content\/uploads\/2025\/09\/ChatGPT-Image-11-sept.-2025-14_58_58-300x300.png 300w, https:\/\/jnergrid.com\/wp-content\/uploads\/2025\/09\/ChatGPT-Image-11-sept.-2025-14_58_58-150x150.png 150w, https:\/\/jnergrid.com\/wp-content\/uploads\/2025\/09\/ChatGPT-Image-11-sept.-2025-14_58_58-768x768.png 768w\" sizes=\"(max-width: 800px) 100vw, 800px\" \/>\t\t\t\t\t\t\t\t\t\t\t\t\t\t\t<\/div>\n\t\t\t\t\t<\/div>\n\t\t\t\t<\/div>\n\t\t<div class=\"elementor-element elementor-element-c63b13e e-flex e-con-boxed e-con e-parent\" data-id=\"c63b13e\" data-element_type=\"container\" data-e-type=\"container\">\n\t\t\t\t\t<div class=\"e-con-inner\">\n\t\t\t\t<div class=\"elementor-element elementor-element-be26cfc elementor-widget elementor-widget-video\" data-id=\"be26cfc\" data-element_type=\"widget\" data-e-type=\"widget\" data-settings=\"{&quot;youtube_url&quot;:&quot;https:\\\/\\\/youtube.com\\\/shorts\\\/mFJG274TQls?si=TqQGKpYSPniBzsNK&quot;,&quot;video_type&quot;:&quot;youtube&quot;,&quot;controls&quot;:&quot;yes&quot;}\" data-widget_type=\"video.default\">\n\t\t\t\t\t\t\t<div class=\"elementor-wrapper elementor-open-inline\">\n\t\t\t<div class=\"elementor-video\"><\/div>\t\t<\/div>\n\t\t\t\t\t\t<\/div>\n\t\t\t\t\t<\/div>\n\t\t\t\t<\/div>\n\t\t<div class=\"elementor-element elementor-element-42d2f7a e-flex e-con-boxed e-con e-parent\" data-id=\"42d2f7a\" data-element_type=\"container\" data-e-type=\"container\">\n\t\t\t\t\t<div class=\"e-con-inner\">\n\t\t\t\t<div class=\"elementor-element elementor-element-1c32d34 elementor-align-center elementor-widget elementor-widget-button\" data-id=\"1c32d34\" data-element_type=\"widget\" data-e-type=\"widget\" data-widget_type=\"button.default\">\n\t\t\t\t\t\t\t\t\t\t<a class=\"elementor-button elementor-button-link elementor-size-sm\" href=\"https:\/\/www.drutex.eu\/media\/_upload\/_promotion\/ulotki\/fr\/catalogue\/fenetres-pvc.pdf\">\n\t\t\t\t\t\t<span class=\"elementor-button-content-wrapper\">\n\t\t\t\t\t\t\t\t\t<span class=\"elementor-button-text\">Cathalogue Fenetres PVC ici<\/span>\n\t\t\t\t\t<\/span>\n\t\t\t\t\t<\/a>\n\t\t\t\t\t\t\t\t<\/div>\n\t\t\t\t\t<\/div>\n\t\t\t\t<\/div>\n\t\t\t\t<\/div>\n\t\t","protected":false},"excerpt":{"rendered":"<p>Trouvez votre projet id\u00e9al ici https:\/\/www.youtube.com\/watch?v=1VGXGEa1tqA Nos services Donnez vie \u00e0 vos projets avec DRUTEX Fen\u00eatres, Portes, Baies vitr\u00e9es et Ch\u00e2ssis sur mesure Vous r\u00eavez d\u2019un int\u00e9rieur lumineux, moderne et parfaitement isol\u00e9 ?Nous sommes revendeur et installateur officiel DRUTEX, le leader europ\u00e9en de la menuiserie ext\u00e9rieure sur mesure. Nos solutions Fen\u00eatres PVC, alu ou bois [&hellip;]<\/p>\n","protected":false},"author":1,"featured_media":0,"parent":0,"menu_order":0,"comment_status":"closed","ping_status":"closed","template":"","meta":{"footnotes":""},"class_list":["post-28","page","type-page","status-publish","hentry"],"yoast_head":"<!-- This site is optimized with the Yoast SEO plugin v27.5 - https:\/\/yoast.com\/product\/yoast-seo-wordpress\/ -->\n<title>Founiture et Installation Fen\u00eatres sur mesure de marque DRUTEX - Renovalion By JNERGRID<\/title>\n<meta name=\"description\" content=\"Revendeur et installateur officiel DRUTEX, nous proposons des fen\u00eatres, portes, baies vitr\u00e9es et ch\u00e2ssis sur mesure alliant design, performance \u00e9nerg\u00e9tique et durabilit\u00e9. Demandez d\u00e8s maintenant votre devis gratuit !\" \/>\n<meta name=\"robots\" content=\"index, follow, max-snippet:-1, max-image-preview:large, max-video-preview:-1\" \/>\n<link rel=\"canonical\" href=\"https:\/\/jnergrid.com\/?page_id=28\" \/>\n<meta property=\"og:locale\" content=\"en_US\" \/>\n<meta property=\"og:type\" content=\"article\" \/>\n<meta property=\"og:title\" content=\"Founiture et Installation Fen\u00eatres sur mesure de marque DRUTEX - Renovalion By JNERGRID\" \/>\n<meta property=\"og:description\" content=\"Revendeur et installateur officiel DRUTEX, nous proposons des fen\u00eatres, portes, baies vitr\u00e9es et ch\u00e2ssis sur mesure alliant design, performance \u00e9nerg\u00e9tique et durabilit\u00e9. Demandez d\u00e8s maintenant votre devis gratuit !\" \/>\n<meta property=\"og:url\" content=\"https:\/\/jnergrid.com\/?page_id=28\" \/>\n<meta property=\"og:site_name\" content=\"Renovalion By JNERGRID\" \/>\n<meta property=\"article:modified_time\" content=\"2025-10-28T11:27:05+00:00\" \/>\n<meta property=\"og:image\" content=\"https:\/\/jnergrid.com\/wp-content\/uploads\/2025\/09\/baniere-drutex-1024x683.png\" \/>\n\t<meta property=\"og:image:width\" content=\"1024\" \/>\n\t<meta property=\"og:image:height\" content=\"683\" \/>\n\t<meta property=\"og:image:type\" content=\"image\/png\" \/>\n<meta name=\"twitter:card\" content=\"summary_large_image\" \/>\n<meta name=\"twitter:label1\" content=\"Est. reading time\" \/>\n\t<meta name=\"twitter:data1\" content=\"3 minutes\" \/>\n<script type=\"application\/ld+json\" class=\"yoast-schema-graph\">{\"@context\":\"https:\\\/\\\/schema.org\",\"@graph\":[{\"@type\":\"WebPage\",\"@id\":\"https:\\\/\\\/jnergrid.com\\\/?page_id=28\",\"url\":\"https:\\\/\\\/jnergrid.com\\\/?page_id=28\",\"name\":\"Founiture et Installation Fen\u00eatres sur mesure de marque DRUTEX - Renovalion By JNERGRID\",\"isPartOf\":{\"@id\":\"https:\\\/\\\/jnergrid.com\\\/#website\"},\"primaryImageOfPage\":{\"@id\":\"https:\\\/\\\/jnergrid.com\\\/?page_id=28#primaryimage\"},\"image\":{\"@id\":\"https:\\\/\\\/jnergrid.com\\\/?page_id=28#primaryimage\"},\"thumbnailUrl\":\"https:\\\/\\\/jnergrid.com\\\/wp-content\\\/uploads\\\/2025\\\/09\\\/baniere-drutex-1024x683.png\",\"datePublished\":\"2025-09-04T14:30:53+00:00\",\"dateModified\":\"2025-10-28T11:27:05+00:00\",\"description\":\"Revendeur et installateur officiel DRUTEX, nous proposons des fen\u00eatres, portes, baies vitr\u00e9es et ch\u00e2ssis sur mesure alliant design, performance \u00e9nerg\u00e9tique et durabilit\u00e9. Demandez d\u00e8s maintenant votre devis gratuit !\",\"breadcrumb\":{\"@id\":\"https:\\\/\\\/jnergrid.com\\\/?page_id=28#breadcrumb\"},\"inLanguage\":\"en-US\",\"potentialAction\":[{\"@type\":\"ReadAction\",\"target\":[\"https:\\\/\\\/jnergrid.com\\\/?page_id=28\"]}]},{\"@type\":\"ImageObject\",\"inLanguage\":\"en-US\",\"@id\":\"https:\\\/\\\/jnergrid.com\\\/?page_id=28#primaryimage\",\"url\":\"https:\\\/\\\/jnergrid.com\\\/wp-content\\\/uploads\\\/2025\\\/09\\\/baniere-drutex.png\",\"contentUrl\":\"https:\\\/\\\/jnergrid.com\\\/wp-content\\\/uploads\\\/2025\\\/09\\\/baniere-drutex.png\",\"width\":1536,\"height\":1024},{\"@type\":\"BreadcrumbList\",\"@id\":\"https:\\\/\\\/jnergrid.com\\\/?page_id=28#breadcrumb\",\"itemListElement\":[{\"@type\":\"ListItem\",\"position\":1,\"name\":\"Home\",\"item\":\"https:\\\/\\\/jnergrid.com\\\/\"},{\"@type\":\"ListItem\",\"position\":2,\"name\":\"Menuiseries ext\u00e9rieures\"}]},{\"@type\":\"WebSite\",\"@id\":\"https:\\\/\\\/jnergrid.com\\\/#website\",\"url\":\"https:\\\/\\\/jnergrid.com\\\/\",\"name\":\"Renovalion By JNERGRID\",\"description\":\"Engineering &amp; R\u00e9novations \",\"potentialAction\":[{\"@type\":\"SearchAction\",\"target\":{\"@type\":\"EntryPoint\",\"urlTemplate\":\"https:\\\/\\\/jnergrid.com\\\/?s={search_term_string}\"},\"query-input\":{\"@type\":\"PropertyValueSpecification\",\"valueRequired\":true,\"valueName\":\"search_term_string\"}}],\"inLanguage\":\"en-US\"}]}<\/script>\n<!-- \/ Yoast SEO plugin. -->","yoast_head_json":{"title":"Founiture et Installation Fen\u00eatres sur mesure de marque DRUTEX - Renovalion By JNERGRID","description":"Revendeur et installateur officiel DRUTEX, nous proposons des fen\u00eatres, portes, baies vitr\u00e9es et ch\u00e2ssis sur mesure alliant design, performance \u00e9nerg\u00e9tique et durabilit\u00e9. Demandez d\u00e8s maintenant votre devis gratuit !","robots":{"index":"index","follow":"follow","max-snippet":"max-snippet:-1","max-image-preview":"max-image-preview:large","max-video-preview":"max-video-preview:-1"},"canonical":"https:\/\/jnergrid.com\/?page_id=28","og_locale":"en_US","og_type":"article","og_title":"Founiture et Installation Fen\u00eatres sur mesure de marque DRUTEX - Renovalion By JNERGRID","og_description":"Revendeur et installateur officiel DRUTEX, nous proposons des fen\u00eatres, portes, baies vitr\u00e9es et ch\u00e2ssis sur mesure alliant design, performance \u00e9nerg\u00e9tique et durabilit\u00e9. Demandez d\u00e8s maintenant votre devis gratuit !","og_url":"https:\/\/jnergrid.com\/?page_id=28","og_site_name":"Renovalion By JNERGRID","article_modified_time":"2025-10-28T11:27:05+00:00","og_image":[{"width":1024,"height":683,"url":"https:\/\/jnergrid.com\/wp-content\/uploads\/2025\/09\/baniere-drutex-1024x683.png","type":"image\/png"}],"twitter_card":"summary_large_image","twitter_misc":{"Est. reading time":"3 minutes"},"schema":{"@context":"https:\/\/schema.org","@graph":[{"@type":"WebPage","@id":"https:\/\/jnergrid.com\/?page_id=28","url":"https:\/\/jnergrid.com\/?page_id=28","name":"Founiture et Installation Fen\u00eatres sur mesure de marque DRUTEX - Renovalion By JNERGRID","isPartOf":{"@id":"https:\/\/jnergrid.com\/#website"},"primaryImageOfPage":{"@id":"https:\/\/jnergrid.com\/?page_id=28#primaryimage"},"image":{"@id":"https:\/\/jnergrid.com\/?page_id=28#primaryimage"},"thumbnailUrl":"https:\/\/jnergrid.com\/wp-content\/uploads\/2025\/09\/baniere-drutex-1024x683.png","datePublished":"2025-09-04T14:30:53+00:00","dateModified":"2025-10-28T11:27:05+00:00","description":"Revendeur et installateur officiel DRUTEX, nous proposons des fen\u00eatres, portes, baies vitr\u00e9es et ch\u00e2ssis sur mesure alliant design, performance \u00e9nerg\u00e9tique et durabilit\u00e9. Demandez d\u00e8s maintenant votre devis gratuit !","breadcrumb":{"@id":"https:\/\/jnergrid.com\/?page_id=28#breadcrumb"},"inLanguage":"en-US","potentialAction":[{"@type":"ReadAction","target":["https:\/\/jnergrid.com\/?page_id=28"]}]},{"@type":"ImageObject","inLanguage":"en-US","@id":"https:\/\/jnergrid.com\/?page_id=28#primaryimage","url":"https:\/\/jnergrid.com\/wp-content\/uploads\/2025\/09\/baniere-drutex.png","contentUrl":"https:\/\/jnergrid.com\/wp-content\/uploads\/2025\/09\/baniere-drutex.png","width":1536,"height":1024},{"@type":"BreadcrumbList","@id":"https:\/\/jnergrid.com\/?page_id=28#breadcrumb","itemListElement":[{"@type":"ListItem","position":1,"name":"Home","item":"https:\/\/jnergrid.com\/"},{"@type":"ListItem","position":2,"name":"Menuiseries ext\u00e9rieures"}]},{"@type":"WebSite","@id":"https:\/\/jnergrid.com\/#website","url":"https:\/\/jnergrid.com\/","name":"Renovalion By JNERGRID","description":"Engineering &amp; R\u00e9novations ","potentialAction":[{"@type":"SearchAction","target":{"@type":"EntryPoint","urlTemplate":"https:\/\/jnergrid.com\/?s={search_term_string}"},"query-input":{"@type":"PropertyValueSpecification","valueRequired":true,"valueName":"search_term_string"}}],"inLanguage":"en-US"}]}},"_links":{"self":[{"href":"https:\/\/jnergrid.com\/index.php?rest_route=\/wp\/v2\/pages\/28","targetHints":{"allow":["GET"]}}],"collection":[{"href":"https:\/\/jnergrid.com\/index.php?rest_route=\/wp\/v2\/pages"}],"about":[{"href":"https:\/\/jnergrid.com\/index.php?rest_route=\/wp\/v2\/types\/page"}],"author":[{"embeddable":true,"href":"https:\/\/jnergrid.com\/index.php?rest_route=\/wp\/v2\/users\/1"}],"replies":[{"embeddable":true,"href":"https:\/\/jnergrid.com\/index.php?rest_route=%2Fwp%2Fv2%2Fcomments&post=28"}],"version-history":[{"count":5,"href":"https:\/\/jnergrid.com\/index.php?rest_route=\/wp\/v2\/pages\/28\/revisions"}],"predecessor-version":[{"id":214,"href":"https:\/\/jnergrid.com\/index.php?rest_route=\/wp\/v2\/pages\/28\/revisions\/214"}],"wp:attachment":[{"href":"https:\/\/jnergrid.com\/index.php?rest_route=%2Fwp%2Fv2%2Fmedia&parent=28"}],"curies":[{"name":"wp","href":"https:\/\/api.w.org\/{rel}","templated":true}]}}