{"id":2,"date":"2025-03-21T11:56:18","date_gmt":"2025-03-21T11:56:18","guid":{"rendered":"https:\/\/jnergrid.com\/?page_id=2"},"modified":"2025-09-19T13:54:03","modified_gmt":"2025-09-19T13:54:03","slug":"entreprise-generale","status":"publish","type":"page","link":"https:\/\/jnergrid.com\/","title":{"rendered":"Welcome"},"content":{"rendered":"\t\t<div data-elementor-type=\"wp-page\" data-elementor-id=\"2\" class=\"elementor elementor-2\" data-elementor-post-type=\"page\">\n\t\t\t\t<div class=\"elementor-element elementor-element-undefined-0a4cc91 e-flex e-con-boxed e-con e-parent\" data-id=\"undefined-0a4cc91\" data-element_type=\"container\" data-e-type=\"container\" data-settings=\"{&quot;background_background&quot;:&quot;classic&quot;}\">\n\t\t\t\t\t<div class=\"e-con-inner\">\n\t\t\t\t<div class=\"elementor-element elementor-element-undefined-a2d0dca elementor-widget elementor-widget-heading\" data-id=\"undefined-a2d0dca\" data-element_type=\"widget\" data-e-type=\"widget\" data-widget_type=\"heading.default\">\n\t\t\t\t\t<h5 class=\"elementor-heading-title elementor-size-default\">R\u00e9novation \u00c9nerg\u00e9tique<\/h5>\t\t\t\t<\/div>\n\t\t\t\t<div class=\"elementor-element elementor-element-undefined-03a20b5 elementor-widget elementor-widget-heading\" data-id=\"undefined-03a20b5\" data-element_type=\"widget\" data-e-type=\"widget\" data-widget_type=\"heading.default\">\n\t\t\t\t\t<h1 class=\"elementor-heading-title elementor-size-default\">Transformez Votre Habitat avec Nos Services de R\u00e9novation<\/h1>\t\t\t\t<\/div>\n\t\t\t\t<div class=\"elementor-element elementor-element-undefined-0614e14 elementor-widget elementor-widget-heading\" data-id=\"undefined-0614e14\" data-element_type=\"widget\" data-e-type=\"widget\" data-widget_type=\"heading.default\">\n\t\t\t\t\t<h5 class=\"elementor-heading-title elementor-size-default\">Chez JNERGRID, nous offrons des solutions efficaces en r\u00e9novation \u00e9nerg\u00e9tique et en travaux publics<\/h5>\t\t\t\t<\/div>\n\t\t\t\t<div class=\"elementor-element elementor-element-1e2e535 elementor-widget elementor-widget-heading\" data-id=\"1e2e535\" data-element_type=\"widget\" data-e-type=\"widget\" data-widget_type=\"heading.default\">\n\t\t\t\t\t<h5 class=\"elementor-heading-title elementor-size-default\">\n<\/h5>\t\t\t\t<\/div>\n\t\t\t\t<div class=\"elementor-element elementor-element-undefined-780e68f elementor-widget__width-auto elementor-align-right elementor-widget elementor-widget-button\" data-id=\"undefined-780e68f\" data-element_type=\"widget\" data-e-type=\"widget\" data-widget_type=\"button.default\">\n\t\t\t\t\t\t\t\t\t\t<a class=\"elementor-button elementor-button-link elementor-size-sm\" href=\"#\">\n\t\t\t\t\t\t<span class=\"elementor-button-content-wrapper\">\n\t\t\t\t\t\t\t\t\t<span class=\"elementor-button-text\">+32 487.411.531<\/span>\n\t\t\t\t\t<\/span>\n\t\t\t\t\t<\/a>\n\t\t\t\t\t\t\t\t<\/div>\n\t\t\t\t\t<\/div>\n\t\t\t\t<\/div>\n\t\t<div class=\"elementor-element elementor-element-714e73f0 e-flex e-con-boxed e-con e-parent\" data-id=\"714e73f0\" data-element_type=\"container\" data-e-type=\"container\">\n\t\t\t\t\t<div class=\"e-con-inner\">\n\t\t\t\t<div class=\"elementor-element elementor-element-71e4c2f elementor-widget elementor-widget-text-editor\" data-id=\"71e4c2f\" data-element_type=\"widget\" data-e-type=\"widget\" data-widget_type=\"text-editor.default\">\n\t\t\t\t\t\t\t\t\t<p data-start=\"772\" data-end=\"1020\">Notre entreprise <strong data-start=\"789\" data-end=\"801\">JNERGRID<\/strong>, bas\u00e9e \u00e0 Charleroi-BELGIQUE, est <strong data-start=\"826\" data-end=\"865\">agr\u00e9\u00e9e en travaux publics classe 1<\/strong>, ce qui atteste de notre <strong data-start=\"891\" data-end=\"938\">capacit\u00e9 juridique, technique et financi\u00e8re<\/strong> \u00e0 ex\u00e9cuter des march\u00e9s publics.<\/p>\n<p data-start=\"1027\" data-end=\"1138\">Nous disposons de <strong data-start=\"1045\" data-end=\"1093\">nombreuses cat\u00e9gories techniques d\u2019agr\u00e9ation<\/strong>, couvrant un large \u00e9ventail de comp\u00e9tences :<\/p>\n<ul data-start=\"1141\" data-end=\"1430\">\n<li data-start=\"1141\" data-end=\"1177\">\n<p data-start=\"1143\" data-end=\"1177\"><strong data-start=\"1143\" data-end=\"1155\">B\u00e2timent<\/strong> (D1, D4, D5, D8, D29)<\/p>\n<\/li>\n<li data-start=\"1180\" data-end=\"1279\">\n<p data-start=\"1182\" data-end=\"1279\"><strong data-start=\"1182\" data-end=\"1206\">Techniques sp\u00e9ciales<\/strong> : chauffage (D10), \u00e9lectricit\u00e9 (D12), isolation (D18), ventilation (D17)<\/p>\n<\/li>\n<li data-start=\"1282\" data-end=\"1328\">\n<p data-start=\"1284\" data-end=\"1328\"><strong data-start=\"1284\" data-end=\"1295\">\u00c9nergie<\/strong> : panneaux photovolta\u00efques (D23)<\/p>\n<\/li>\n<li data-start=\"1331\" data-end=\"1384\">\n<p data-start=\"1333\" data-end=\"1384\"><strong data-start=\"1333\" data-end=\"1371\">Voiries et am\u00e9nagements ext\u00e9rieurs<\/strong> (P1, P2, P3)<\/p>\n<\/li>\n<li data-start=\"1387\" data-end=\"1426\">\n<p data-start=\"1389\" data-end=\"1426\"><strong data-start=\"1389\" data-end=\"1416\">Services et maintenance<\/strong> (S, S1)<\/p>\n<\/li>\n<\/ul>\n<p data-start=\"1433\" data-end=\"1629\">Cette agr\u00e9ation constitue une <strong data-start=\"1463\" data-end=\"1490\">garantie suppl\u00e9mentaire<\/strong> pour les pouvoirs adjudicateurs quant \u00e0 la <strong data-start=\"1534\" data-end=\"1576\">qualit\u00e9, la conformit\u00e9 et la fiabilit\u00e9<\/strong> de nos prestations dans le cadre de march\u00e9s publics.<\/p>\t\t\t\t\t\t\t\t<\/div>\n\t\t\t\t<div class=\"elementor-element elementor-element-29258151 elementor-widget elementor-widget-text-editor\" data-id=\"29258151\" data-element_type=\"widget\" data-e-type=\"widget\" data-widget_type=\"text-editor.default\">\n\t\t\t\t\t\t\t\t\t\n<p>R\u00e9duisez vos factures d&#8217;\u00e9nergie et am\u00e9liorez le confort de votre habitation avec nos solutions cl\u00e9s en main. Demandez un devis gratuit.<br \/><br \/>\ud83c\udf3f Nos solutions pour votre confort<br \/><br \/>Que vous soyez particulier ou entreprise, [JNERGRID] propose des r\u00e9novations \u00e9nerg\u00e9tiques conformes aux normes belges.<br \/><br \/>&#8211; Mise en conformit\u00e9 \u00e9lectrique et gaz<br \/>&#8211; Isolation thermique des murs, sols et toits<br \/>&#8211; Travaux de toiture<br \/>&#8211; Installation et entretien de chaudi\u00e8res<br \/>&#8211; Pose de panneaux solaires<br \/>&#8211; Fourniture et pose de menuiseries ext\u00e9rieures<br \/>&#8211; D\u00e9pannages en urgence<br \/><br \/>\ud83d\udd11 Pourquoi choisir [JNERGRID] ?<br \/><br \/>\u2705 Expertise compl\u00e8te pour tous vos travaux <br \/>\u2705 Travaux certifi\u00e9s respectant les normes <br \/>\u2705 Solutions personnalis\u00e9es \u00e0 votre budget <br \/>\u2705 Accompagnement pour obtenir des primes \u00e9nergie <br \/>\u2705 Garantie qualit\u00e9 avec mat\u00e9riaux performants <br \/><br \/>\ud83d\udcb6 Profitez des primes \u00e9nergie en Belgique<br \/><br \/>De nombreuses aides financi\u00e8res existent pour vos travaux de r\u00e9novation \u00e9nerg\u00e9tique. Nous vous aidons \u00e0 identifier et maximiser votre retour sur investissement.<\/p>\n\t\t\t\t\t\t\t\t<\/div>\n\t\t\t\t\t<\/div>\n\t\t\t\t<\/div>\n\t\t\t\t<\/div>\n\t\t","protected":false},"excerpt":{"rendered":"<p>R\u00e9novation \u00c9nerg\u00e9tique Transformez Votre Habitat avec Nos Services de R\u00e9novation Chez JNERGRID, nous offrons des solutions efficaces en r\u00e9novation \u00e9nerg\u00e9tique et en travaux publics +32 487.411.531 Notre entreprise JNERGRID, bas\u00e9e \u00e0 Charleroi-BELGIQUE, est agr\u00e9\u00e9e en travaux publics classe 1, ce qui atteste de notre capacit\u00e9 juridique, technique et financi\u00e8re \u00e0 ex\u00e9cuter des march\u00e9s publics. Nous [&hellip;]<\/p>\n","protected":false},"author":1,"featured_media":0,"parent":0,"menu_order":0,"comment_status":"closed","ping_status":"closed","template":"","meta":{"footnotes":""},"class_list":["post-2","page","type-page","status-publish","hentry"],"yoast_head":"<!-- This site is optimized with the Yoast SEO plugin v27.5 - https:\/\/yoast.com\/product\/yoast-seo-wordpress\/ -->\n<title>Welcome - Renovalion By JNERGRID<\/title>\n<meta name=\"robots\" content=\"index, follow, max-snippet:-1, max-image-preview:large, max-video-preview:-1\" \/>\n<link rel=\"canonical\" href=\"https:\/\/jnergrid.com\/\" \/>\n<meta property=\"og:locale\" content=\"en_US\" \/>\n<meta property=\"og:type\" content=\"article\" \/>\n<meta property=\"og:title\" content=\"Welcome - Renovalion By JNERGRID\" \/>\n<meta property=\"og:description\" content=\"R\u00e9novation \u00c9nerg\u00e9tique Transformez Votre Habitat avec Nos Services de R\u00e9novation Chez JNERGRID, nous offrons des solutions efficaces en r\u00e9novation \u00e9nerg\u00e9tique et en travaux publics +32 487.411.531 Notre entreprise JNERGRID, bas\u00e9e \u00e0 Charleroi-BELGIQUE, est agr\u00e9\u00e9e en travaux publics classe 1, ce qui atteste de notre capacit\u00e9 juridique, technique et financi\u00e8re \u00e0 ex\u00e9cuter des march\u00e9s publics. Nous [&hellip;]\" \/>\n<meta property=\"og:url\" content=\"https:\/\/jnergrid.com\/\" \/>\n<meta property=\"og:site_name\" content=\"Renovalion By JNERGRID\" \/>\n<meta property=\"article:modified_time\" content=\"2025-09-19T13:54:03+00:00\" \/>\n<meta name=\"twitter:card\" content=\"summary_large_image\" \/>\n<meta name=\"twitter:label1\" content=\"Est. reading time\" \/>\n\t<meta name=\"twitter:data1\" content=\"3 minutes\" \/>\n<script type=\"application\/ld+json\" class=\"yoast-schema-graph\">{\"@context\":\"https:\\\/\\\/schema.org\",\"@graph\":[{\"@type\":\"WebPage\",\"@id\":\"https:\\\/\\\/jnergrid.com\\\/\",\"url\":\"https:\\\/\\\/jnergrid.com\\\/\",\"name\":\"Welcome - Renovalion By JNERGRID\",\"isPartOf\":{\"@id\":\"https:\\\/\\\/jnergrid.com\\\/#website\"},\"datePublished\":\"2025-03-21T11:56:18+00:00\",\"dateModified\":\"2025-09-19T13:54:03+00:00\",\"breadcrumb\":{\"@id\":\"https:\\\/\\\/jnergrid.com\\\/#breadcrumb\"},\"inLanguage\":\"en-US\",\"potentialAction\":[{\"@type\":\"ReadAction\",\"target\":[\"https:\\\/\\\/jnergrid.com\\\/\"]}]},{\"@type\":\"BreadcrumbList\",\"@id\":\"https:\\\/\\\/jnergrid.com\\\/#breadcrumb\",\"itemListElement\":[{\"@type\":\"ListItem\",\"position\":1,\"name\":\"Home\",\"item\":\"https:\\\/\\\/jnergrid.com\\\/\"},{\"@type\":\"ListItem\",\"position\":2,\"name\":\"Welcome\"}]},{\"@type\":\"WebSite\",\"@id\":\"https:\\\/\\\/jnergrid.com\\\/#website\",\"url\":\"https:\\\/\\\/jnergrid.com\\\/\",\"name\":\"Renovalion By JNERGRID\",\"description\":\"Engineering &amp; R\u00e9novations \",\"potentialAction\":[{\"@type\":\"SearchAction\",\"target\":{\"@type\":\"EntryPoint\",\"urlTemplate\":\"https:\\\/\\\/jnergrid.com\\\/?s={search_term_string}\"},\"query-input\":{\"@type\":\"PropertyValueSpecification\",\"valueRequired\":true,\"valueName\":\"search_term_string\"}}],\"inLanguage\":\"en-US\"}]}<\/script>\n<!-- \/ Yoast SEO plugin. -->","yoast_head_json":{"title":"Welcome - Renovalion By JNERGRID","robots":{"index":"index","follow":"follow","max-snippet":"max-snippet:-1","max-image-preview":"max-image-preview:large","max-video-preview":"max-video-preview:-1"},"canonical":"https:\/\/jnergrid.com\/","og_locale":"en_US","og_type":"article","og_title":"Welcome - Renovalion By JNERGRID","og_description":"R\u00e9novation \u00c9nerg\u00e9tique Transformez Votre Habitat avec Nos Services de R\u00e9novation Chez JNERGRID, nous offrons des solutions efficaces en r\u00e9novation \u00e9nerg\u00e9tique et en travaux publics +32 487.411.531 Notre entreprise JNERGRID, bas\u00e9e \u00e0 Charleroi-BELGIQUE, est agr\u00e9\u00e9e en travaux publics classe 1, ce qui atteste de notre capacit\u00e9 juridique, technique et financi\u00e8re \u00e0 ex\u00e9cuter des march\u00e9s publics. Nous [&hellip;]","og_url":"https:\/\/jnergrid.com\/","og_site_name":"Renovalion By JNERGRID","article_modified_time":"2025-09-19T13:54:03+00:00","twitter_card":"summary_large_image","twitter_misc":{"Est. reading time":"3 minutes"},"schema":{"@context":"https:\/\/schema.org","@graph":[{"@type":"WebPage","@id":"https:\/\/jnergrid.com\/","url":"https:\/\/jnergrid.com\/","name":"Welcome - Renovalion By JNERGRID","isPartOf":{"@id":"https:\/\/jnergrid.com\/#website"},"datePublished":"2025-03-21T11:56:18+00:00","dateModified":"2025-09-19T13:54:03+00:00","breadcrumb":{"@id":"https:\/\/jnergrid.com\/#breadcrumb"},"inLanguage":"en-US","potentialAction":[{"@type":"ReadAction","target":["https:\/\/jnergrid.com\/"]}]},{"@type":"BreadcrumbList","@id":"https:\/\/jnergrid.com\/#breadcrumb","itemListElement":[{"@type":"ListItem","position":1,"name":"Home","item":"https:\/\/jnergrid.com\/"},{"@type":"ListItem","position":2,"name":"Welcome"}]},{"@type":"WebSite","@id":"https:\/\/jnergrid.com\/#website","url":"https:\/\/jnergrid.com\/","name":"Renovalion By JNERGRID","description":"Engineering &amp; R\u00e9novations ","potentialAction":[{"@type":"SearchAction","target":{"@type":"EntryPoint","urlTemplate":"https:\/\/jnergrid.com\/?s={search_term_string}"},"query-input":{"@type":"PropertyValueSpecification","valueRequired":true,"valueName":"search_term_string"}}],"inLanguage":"en-US"}]}},"_links":{"self":[{"href":"https:\/\/jnergrid.com\/index.php?rest_route=\/wp\/v2\/pages\/2","targetHints":{"allow":["GET"]}}],"collection":[{"href":"https:\/\/jnergrid.com\/index.php?rest_route=\/wp\/v2\/pages"}],"about":[{"href":"https:\/\/jnergrid.com\/index.php?rest_route=\/wp\/v2\/types\/page"}],"author":[{"embeddable":true,"href":"https:\/\/jnergrid.com\/index.php?rest_route=\/wp\/v2\/users\/1"}],"replies":[{"embeddable":true,"href":"https:\/\/jnergrid.com\/index.php?rest_route=%2Fwp%2Fv2%2Fcomments&post=2"}],"version-history":[{"count":5,"href":"https:\/\/jnergrid.com\/index.php?rest_route=\/wp\/v2\/pages\/2\/revisions"}],"predecessor-version":[{"id":163,"href":"https:\/\/jnergrid.com\/index.php?rest_route=\/wp\/v2\/pages\/2\/revisions\/163"}],"wp:attachment":[{"href":"https:\/\/jnergrid.com\/index.php?rest_route=%2Fwp%2Fv2%2Fmedia&parent=2"}],"curies":[{"name":"wp","href":"https:\/\/api.w.org\/{rel}","templated":true}]}}